{"id":3472,"date":"2025-10-30T15:00:10","date_gmt":"2025-10-30T18:00:10","guid":{"rendered":"https:\/\/poltecnica.com.ar\/inicio\/?page_id=3472"},"modified":"2026-03-03T09:37:25","modified_gmt":"2026-03-03T12:37:25","slug":"inicio","status":"publish","type":"page","link":"https:\/\/poltecnica.com.ar\/inicio\/","title":{"rendered":"Inicio"},"content":{"rendered":"\n<div class=\"wp-block-uagb-container uagb-block-p6zjcde7 alignfull uagb-is-root-container\">\n<div class=\"wp-block-uagb-info-box uagb-block-a12eb4db uagb-infobox__content-wrap  uagb-infobox-icon-above-title uagb-infobox-image-valign-top\"><div class=\"uagb-ifb-content\"><div class=\"uagb-ifb-image-content\"><img decoding=\"async\" src=\"https:\/\/poltecnica.com.ar\/inicio\/wp-content\/uploads\/2023\/02\/base_logo_transparent_background-scaled-300x180.png\" alt=\"\" width=\"\" height=\"0\" loading=\"lazy\"\/><\/div><div class=\"uagb-ifb-title-wrap\"><h1 class=\"uagb-ifb-title\">Soluciones Integrales en Climatizaci\u00f3n<\/h1><\/div><p class=\"uagb-ifb-desc\">Sistemas de Aire Acondicionado para empresas y comercios. Somos Poltecnica SRL &#8211; Termomec\u00e1nica Aplicada. <br>Ingenier\u00eda y Servicios HVAC.<br>Nuestro compromiso, la satisfacci\u00f3n al cliente a trav\u00e9s de soluciones eficientes.<\/p><div class=\"uagb-ifb-button-wrapper wp-block-button\"><a href=\"https:\/\/poltecnica.com.ar\/inicio\/nosotros\" class=\"uagb-infobox-cta-link wp-block-button__link\" target=\"_self\" rel=\"noopener noreferrer\" onclick=\"return true;\"><span class=\"uagb-inline-editing\">CONOSCA +<\/span><\/a><\/div><\/div><\/div>\n\n\n\n<div class=\"wp-block-uagb-container uagb-block-9303f8d5\"><\/div>\n<\/div>\n\n\n\n<div class=\"wp-block-uagb-container uagb-block-pwcrgy8b alignfull uagb-is-root-container\"><div class=\"uagb-container-inner-blocks-wrap\">\n<div class=\"wp-block-uagb-info-box uagb-block-tbuxieqk uagb-infobox__content-wrap  uagb-infobox-icon-above-title uagb-infobox-image-valign-top\"><div class=\"uagb-ifb-content\"><div class=\"uagb-ifb-title-wrap\"><h2 class=\"uagb-ifb-title\">Nuestros Servicios<\/h2><\/div><p class=\"uagb-ifb-desc\">Termomec\u00e1nica Aplicada<\/p><\/div><\/div>\n\n\n\n<div class=\"wp-block-uagb-container uagb-block-ogoumtsu\">\n<div class=\"wp-block-uagb-container uagb-block-efvro44e\">\n<div class=\"wp-block-uagb-image alignleft uagb-block-vgdopwxp wp-block-uagb-image--layout-default wp-block-uagb-image--effect-static wp-block-uagb-image--align-left\"><figure class=\"wp-block-uagb-image__figure\"><img decoding=\"async\" srcset=\"https:\/\/poltecnica.com.ar\/inicio\/wp-content\/uploads\/2025\/10\/4-768x1024.jpg ,https:\/\/poltecnica.com.ar\/inicio\/wp-content\/uploads\/2025\/10\/4.jpg 780w, https:\/\/poltecnica.com.ar\/inicio\/wp-content\/uploads\/2025\/10\/4.jpg 360w\" sizes=\"auto, (max-width: 480px) 150px\" src=\"https:\/\/poltecnica.com.ar\/inicio\/wp-content\/uploads\/2025\/10\/4-768x1024.jpg\" alt=\"Servicio T\u00e9cnico Poltecnica SRL\" class=\"uag-image-3452\" width=\"352\" height=\"260\" title=\"Servicio T\u00e9cnico Poltecnica SRL\" loading=\"lazy\" role=\"img\"\/><\/figure><\/div>\n\n\n\n<div class=\"wp-block-uagb-info-box uagb-block-athhnuj6 uagb-infobox__content-wrap  uagb-infobox-icon-above-title uagb-infobox-image-valign-top\"><div class=\"uagb-ifb-content\"><div class=\"uagb-ifb-title-wrap\"><h3 class=\"uagb-ifb-title\">Servicio T\u00e9cnico<\/h3><\/div><p class=\"uagb-ifb-desc\">Sistemas VRV\/F Daikin -LG MultiV \u2013 DVM S2<br>Chillers \u2013 Rooftops \u2013 Multi \u2013 Splits<br>Abonos de Mant. Preventivo<br><\/p><\/div><\/div>\n\n\n\n<div class=\"wp-block-uagb-buttons uagb-buttons__outer-wrap uagb-btn__default-btn uagb-btn-tablet__default-btn uagb-btn-mobile__default-btn uagb-block-pzdvjdyn\"><div class=\"uagb-buttons__wrap uagb-buttons-layout-wrap \">\n<div class=\"wp-block-uagb-buttons-child uagb-buttons__outer-wrap uagb-block-jqqa8cio wp-block-button\"><div class=\"uagb-button__wrapper\"><a class=\"uagb-buttons-repeater wp-block-button__link\" aria-label=\"\" href=\"#\" rel=\"follow noopener\" target=\"_self\" role=\"button\"><div class=\"uagb-button__link\">+ INFO<\/div><span class=\"uagb-button__icon uagb-button__icon-position-after\"><svg xmlns=\"https:\/\/www.w3.org\/2000\/svg\" viewBox=\"0 0 320 512\" aria-hidden=\"true\" focussable=\"false\"><path d=\"M96 480c-8.188 0-16.38-3.125-22.62-9.375c-12.5-12.5-12.5-32.75 0-45.25L242.8 256L73.38 86.63c-12.5-12.5-12.5-32.75 0-45.25s32.75-12.5 45.25 0l192 192c12.5 12.5 12.5 32.75 0 45.25l-192 192C112.4 476.9 104.2 480 96 480z\"><\/path><\/svg><\/span><\/a><\/div><\/div>\n<\/div><\/div>\n<\/div>\n\n\n\n<div class=\"wp-block-uagb-container uagb-block-vlg0ug2q\">\n<div class=\"wp-block-uagb-image alignleft uagb-block-5wdfz6fr wp-block-uagb-image--layout-default wp-block-uagb-image--effect-static wp-block-uagb-image--align-left\"><figure class=\"wp-block-uagb-image__figure\"><img decoding=\"async\" srcset=\"https:\/\/poltecnica.com.ar\/inicio\/wp-content\/uploads\/2024\/01\/comercio.webp ,https:\/\/poltecnica.com.ar\/inicio\/wp-content\/uploads\/2024\/01\/comercio.webp 780w, https:\/\/poltecnica.com.ar\/inicio\/wp-content\/uploads\/2024\/01\/comercio.webp 360w\" sizes=\"auto, (max-width: 480px) 150px\" src=\"https:\/\/poltecnica.com.ar\/inicio\/wp-content\/uploads\/2024\/01\/comercio.webp\" alt=\"Instalaciones Poltecnica SRL\" class=\"uag-image-3014\" width=\"352\" height=\"260\" title=\"Instalaciones Poltecnica SRL\" loading=\"lazy\" role=\"img\"\/><\/figure><\/div>\n\n\n\n<div class=\"wp-block-uagb-info-box uagb-block-j5amyho3 uagb-infobox__content-wrap  uagb-infobox-icon-above-title uagb-infobox-image-valign-top\"><div class=\"uagb-ifb-content\"><div class=\"uagb-ifb-title-wrap\"><h3 class=\"uagb-ifb-title\">Montajes e Instalaciones<\/h3><\/div><p class=\"uagb-ifb-desc\">Dise\u00f1o de proyectos a medida<br>Venta \u2013 Instalaci\u00f3n y Servicio Post Venta<br>Balances T\u00e9rmicos<\/p><\/div><\/div>\n\n\n\n<div class=\"wp-block-uagb-buttons uagb-buttons__outer-wrap uagb-btn__default-btn uagb-btn-tablet__default-btn uagb-btn-mobile__default-btn uagb-block-kahfp0ic\"><div class=\"uagb-buttons__wrap uagb-buttons-layout-wrap \">\n<div class=\"wp-block-uagb-buttons-child uagb-buttons__outer-wrap uagb-block-gcsouq0u wp-block-button\"><div class=\"uagb-button__wrapper\"><a class=\"uagb-buttons-repeater wp-block-button__link\" aria-label=\"\" href=\"#\" rel=\"follow noopener\" target=\"_self\" role=\"button\"><div class=\"uagb-button__link\">+ INFO<\/div><span class=\"uagb-button__icon uagb-button__icon-position-after\"><svg xmlns=\"https:\/\/www.w3.org\/2000\/svg\" viewBox=\"0 0 320 512\" aria-hidden=\"true\" focussable=\"false\"><path d=\"M96 480c-8.188 0-16.38-3.125-22.62-9.375c-12.5-12.5-12.5-32.75 0-45.25L242.8 256L73.38 86.63c-12.5-12.5-12.5-32.75 0-45.25s32.75-12.5 45.25 0l192 192c12.5 12.5 12.5 32.75 0 45.25l-192 192C112.4 476.9 104.2 480 96 480z\"><\/path><\/svg><\/span><\/a><\/div><\/div>\n<\/div><\/div>\n<\/div>\n\n\n\n<div class=\"wp-block-uagb-container uagb-block-piscznen\">\n<div class=\"wp-block-uagb-image alignleft uagb-block-rkqhmk4p wp-block-uagb-image--layout-default wp-block-uagb-image--effect-static wp-block-uagb-image--align-left\"><figure class=\"wp-block-uagb-image__figure\"><img decoding=\"async\" srcset=\"https:\/\/poltecnica.com.ar\/inicio\/wp-content\/uploads\/2025\/10\/APGLGGenuinePart__30176-1024x1024.webp ,https:\/\/poltecnica.com.ar\/inicio\/wp-content\/uploads\/2025\/10\/APGLGGenuinePart__30176.webp 780w, https:\/\/poltecnica.com.ar\/inicio\/wp-content\/uploads\/2025\/10\/APGLGGenuinePart__30176.webp 360w\" sizes=\"auto, (max-width: 480px) 150px\" src=\"https:\/\/poltecnica.com.ar\/inicio\/wp-content\/uploads\/2025\/10\/APGLGGenuinePart__30176-1024x1024.webp\" alt=\"\" class=\"uag-image-3443\" width=\"352\" height=\"260\" title=\"Repuestos Originales LG\" loading=\"lazy\" role=\"img\"\/><\/figure><\/div>\n\n\n\n<div class=\"wp-block-uagb-info-box uagb-block-0bnkofeq uagb-infobox__content-wrap  uagb-infobox-icon-above-title uagb-infobox-image-valign-top\"><div class=\"uagb-ifb-content\"><div class=\"uagb-ifb-title-wrap\"><h3 class=\"uagb-ifb-title\">Repuestos y Accesorios<\/h3><\/div><p class=\"uagb-ifb-desc\">Centro de Rep. Oficial LG Arg.<br>Repuestos Originales<br>Accesorios p\/ todas las marcas<br><\/p><\/div><\/div>\n\n\n\n<div class=\"wp-block-uagb-buttons uagb-buttons__outer-wrap uagb-btn__default-btn uagb-btn-tablet__default-btn uagb-btn-mobile__default-btn uagb-block-nzsjf12e\"><div class=\"uagb-buttons__wrap uagb-buttons-layout-wrap \">\n<div class=\"wp-block-uagb-buttons-child uagb-buttons__outer-wrap uagb-block-ycrh72jg wp-block-button\"><div class=\"uagb-button__wrapper\"><a class=\"uagb-buttons-repeater wp-block-button__link\" aria-label=\"\" href=\"#\" rel=\"follow noopener\" target=\"_self\" role=\"button\"><div class=\"uagb-button__link\">+ INFO<\/div><span class=\"uagb-button__icon uagb-button__icon-position-after\"><svg xmlns=\"https:\/\/www.w3.org\/2000\/svg\" viewBox=\"0 0 320 512\" aria-hidden=\"true\" focussable=\"false\"><path d=\"M96 480c-8.188 0-16.38-3.125-22.62-9.375c-12.5-12.5-12.5-32.75 0-45.25L242.8 256L73.38 86.63c-12.5-12.5-12.5-32.75 0-45.25s32.75-12.5 45.25 0l192 192c12.5 12.5 12.5 32.75 0 45.25l-192 192C112.4 476.9 104.2 480 96 480z\"><\/path><\/svg><\/span><\/a><\/div><\/div>\n<\/div><\/div>\n<\/div>\n<\/div>\n<\/div><\/div>\n\n\n\n<div class=\"wp-block-uagb-container uagb-block-fiblxvzu alignfull uagb-is-root-container\"><div class=\"uagb-container-inner-blocks-wrap\">\n<div class=\"wp-block-uagb-info-box uagb-block-6rvxe4jx uagb-infobox__content-wrap  uagb-infobox-icon-above-title uagb-infobox-image-valign-top\"><div class=\"uagb-ifb-content\"><div class=\"uagb-ifb-title-wrap\"><h2 class=\"uagb-ifb-title-prefix\">Sobre Nosotros.<\/h2><\/div><div class=\"uagb-ifb-desc\">\n<p class=\"wp-block-paragraph\">Ofrecemos soluciones optimizadas en aire acondicionado y calefaccion para todas las necesidades, proporcionando aire limpio y fresco para diferentes entornos empresariales. Locales comerciales, Oficinas, Hoteles, Centros comerciales y Hospitales.<\/p>\n\n\n\n<p class=\"wp-block-paragraph\">Desde nuestros inicios, hemos atendido a clientes que buscan eficiencia y confiabilidad.<\/p>\n<\/div><div class=\"uagb-ifb-button-wrapper wp-block-button\"><a href=\"https:\/\/poltecnica.com.ar\/inicio\/servicios\/\" class=\"uagb-infobox-cta-link wp-block-button__link\" target=\"_self\" rel=\"noopener noreferrer\" onclick=\"return true;\"><span class=\"uagb-inline-editing\">+ INFO<\/span><svg xmlns=\"https:\/\/www.w3.org\/2000\/svg\" viewBox=\"0 0 512 512\"><path d=\"M504.3 273.6l-112.1 104c-6.992 6.484-17.18 8.218-25.94 4.406c-8.758-3.812-14.42-12.45-14.42-21.1L351.9 288H32C14.33 288 .0002 273.7 .0002 255.1S14.33 224 32 224h319.9l0-72c0-9.547 5.66-18.19 14.42-22c8.754-3.809 18.95-2.075 25.94 4.41l112.1 104C514.6 247.9 514.6 264.1 504.3 273.6z\"><\/path><\/svg><\/a><\/div><\/div><\/div>\n\n\n\n<div class=\"wp-block-uagb-image alignleft uagb-block-sjish3jc wp-block-uagb-image--layout-default wp-block-uagb-image--effect-zoomin wp-block-uagb-image--align-left\"><figure class=\"wp-block-uagb-image__figure\"><img decoding=\"async\" srcset=\"https:\/\/poltecnica.com.ar\/inicio\/wp-content\/uploads\/2025\/10\/Cassette-redondo-Bar-1024x905.jpg ,https:\/\/poltecnica.com.ar\/inicio\/wp-content\/uploads\/2025\/10\/Cassette-redondo-Bar.jpg 780w, https:\/\/poltecnica.com.ar\/inicio\/wp-content\/uploads\/2025\/10\/Cassette-redondo-Bar.jpg 360w\" sizes=\"auto, (max-width: 480px) 150px\" src=\"https:\/\/poltecnica.com.ar\/inicio\/wp-content\/uploads\/2025\/10\/Cassette-redondo-Bar-1024x905.jpg\" alt=\"\" class=\"uag-image-3423\" width=\"564\" height=\"450\" title=\"\" loading=\"lazy\" role=\"presentation\"\/><\/figure><\/div>\n<\/div><\/div>\n\n\n\n<div class=\"wp-block-uagb-container uagb-block-kpvrs5jt alignfull uagb-is-root-container\"><div class=\"uagb-container-inner-blocks-wrap\">\n<div class=\"wp-block-uagb-info-box uagb-block-h7ibzy2d uagb-infobox__content-wrap  uagb-infobox-icon-above-title uagb-infobox-image-valign-top\"><div class=\"uagb-ifb-content\"><div class=\"uagb-ifb-title-wrap\"><p class=\"uagb-ifb-title-prefix\">Informacion y cotizaciones<\/p><h2 class=\"uagb-ifb-title\">Cont\u00e1ctenos hoy mismo<\/h2><\/div><p class=\"uagb-ifb-desc\">O Ll\u00e1manos: (011) 3750-8213         WhatsApp: 11-5122-5648<\/p><\/div><\/div>\n\n\n\n<div class=\"wp-block-uagb-buttons uagb-buttons__outer-wrap uagb-btn__default-btn uagb-btn-tablet__default-btn uagb-btn-mobile__default-btn uagb-block-aaxdhslq\"><div class=\"uagb-buttons__wrap uagb-buttons-layout-wrap \">\n<div class=\"wp-block-uagb-buttons-child uagb-buttons__outer-wrap uagb-block-mijq3zmi wp-block-button\"><div class=\"uagb-button__wrapper\"><a class=\"uagb-buttons-repeater wp-block-button__link\" aria-label=\"\" href=\"https:\/\/poltecnica.com.ar\/inicio\/contact\/\" rel=\"follow noopener\" target=\"_self\" role=\"button\"><div class=\"uagb-button__link\">Solicitar ASESORAMIENTO<\/div><\/a><\/div><\/div>\n<\/div><\/div>\n<\/div><\/div>\n\n\n\n<div class=\"wp-block-uagb-container uagb-block-6c5dc65f alignfull uagb-is-root-container\"><div class=\"uagb-container-inner-blocks-wrap\">\n<div class=\"wp-block-columns is-layout-flex wp-block-columns-is-layout-flex\">\n<div class=\"wp-block-column is-layout-flow wp-block-column-is-layout-flow\" style=\"flex-basis:100%\">\n<div class=\"wp-block-uagb-container uagb-block-e8a7d2dc\">\n<header class=\"wp-block-uagb-advanced-heading uagb-block-1f87e0fb\"><h2 class=\"uagb-heading-text\">Calidad y atenci\u00f3n personalizada que nos diferencia<\/h2><div class=\"uagb-separator\"><\/div><\/header>\n<\/div>\n\n\n\n<div class=\"wp-block-columns is-layout-flex wp-block-columns-is-layout-flex\">\n<div class=\"wp-block-column is-layout-flow wp-block-column-is-layout-flow\">\n<div class=\"wp-block-uagb-info-box uagb-block-f2420a41 uagb-infobox__content-wrap  uagb-infobox-icon-above-title uagb-infobox-image-valign-top\"><div class=\"uagb-ifb-content\"><div class=\"uagb-ifb-icon-wrap\"><svg xmlns=\"https:\/\/www.w3.org\/2000\/svg\" viewBox=\"0 0 576 512\"><path d=\"M0 48C0 21.49 21.49 0 48 0H336C362.5 0 384 21.49 384 48V207L341.6 224H272C263.2 224 256 231.2 256 240V304C256 304.9 256.1 305.7 256.2 306.6C258.5 364.7 280.3 451.4 354.9 508.1C349.1 510.6 342.7 512 336 512H240V432C240 405.5 218.5 384 192 384C165.5 384 144 405.5 144 432V512H48C21.49 512 0 490.5 0 464V48zM80 224C71.16 224 64 231.2 64 240V272C64 280.8 71.16 288 80 288H112C120.8 288 128 280.8 128 272V240C128 231.2 120.8 224 112 224H80zM160 272C160 280.8 167.2 288 176 288H208C216.8 288 224 280.8 224 272V240C224 231.2 216.8 224 208 224H176C167.2 224 160 231.2 160 240V272zM64 144C64 152.8 71.16 160 80 160H112C120.8 160 128 152.8 128 144V112C128 103.2 120.8 96 112 96H80C71.16 96 64 103.2 64 112V144zM176 96C167.2 96 160 103.2 160 112V144C160 152.8 167.2 160 176 160H208C216.8 160 224 152.8 224 144V112C224 103.2 216.8 96 208 96H176zM256 144C256 152.8 263.2 160 272 160H304C312.8 160 320 152.8 320 144V112C320 103.2 312.8 96 304 96H272C263.2 96 256 103.2 256 112V144zM423.1 225.7C428.8 223.4 435.2 223.4 440.9 225.7L560.9 273.7C570 277.4 576 286.2 576 296C576 359.3 550.1 464.8 441.2 510.2C435.3 512.6 428.7 512.6 422.8 510.2C313.9 464.8 288 359.3 288 296C288 286.2 293.1 277.4 303.1 273.7L423.1 225.7zM432 273.8V461.7C500.2 428.7 523.5 362.7 527.4 311.1L432 273.8z\"><\/path><\/svg><\/div><div class=\"uagb-ifb-title-wrap\"><h3 class=\"uagb-ifb-title\">Experiencia<\/h3><\/div><p class=\"uagb-ifb-desc\">Como expertos t\u00e9cnicos, aportamos conocimientos profesionales y de vanguardia, as\u00ed como experiencia en el mercado relacionada con las soluciones para nuestros clientes.<\/p><\/div><\/div>\n<\/div>\n\n\n\n<div class=\"wp-block-column is-layout-flow wp-block-column-is-layout-flow\">\n<div class=\"wp-block-uagb-info-box uagb-block-5ec2e589 uagb-infobox__content-wrap  uagb-infobox-icon-above-title uagb-infobox-image-valign-top\"><div class=\"uagb-ifb-content\"><div class=\"uagb-ifb-icon-wrap\"><svg xmlns=\"https:\/\/www.w3.org\/2000\/svg\" viewBox=\"0 0 512 512\"><path d=\"M160.1 320c-17.64 0-32.02 14.37-32.02 31.1s14.38 31.1 32.02 31.1s32.02-14.37 32.02-31.1S177.8 320 160.1 320zM86.66 361.4c-12.51-12.49-32.77-12.49-45.27 0c-12.51 12.5-12.51 32.78 0 45.27l63.96 63.99c12.51 12.49 32.77 12.49 45.27 .002c12.51-12.5 12.51-32.78 0-45.27L86.66 361.4zM32.02 448C14.38 448 0 462.4 0 480S14.38 512 32.02 512c17.64 0 32.02-14.37 32.02-31.1S49.66 448 32.02 448zM287.7 70.31c-110.9-29.38-211.7 47.53-222.8 150.9C62.1 239.9 78.73 255.1 97.57 255.1c16.61 0 29.25-13.07 31.24-29.55c6.934-57.22 57.21-101.3 116.9-98.3c71.71 3.594 117.1 76.82 102.5 146.9c-6.551 29.65-21.4 56.87-43.38 78.87L288 370.7v13.25c0 31.4-22.71 57.58-52.58 62.98C220.4 449.7 208 463.3 208 478.6c0 19.78 17.88 34.94 37.38 31.64c55.92-9.443 99.63-55.28 105.9-112.2c40.11-40.68 62.89-93.95 64.65-150.9C418.4 166.4 365.8 91 287.7 70.31zM240 200c22.06 0 40 17.94 40 40c0 13.25 10.75 24 24 24s24-10.75 24-24c0-48.53-39.47-88-88-88S152 191.5 152 240c0 13.25 10.75 24 24 24S200 253.3 200 240C200 217.9 217.9 200 240 200zM397.8 3.125c-15.91-7.594-35.05-.8438-42.66 15.09c-7.594 15.97-.8281 35.06 15.12 42.66C417.5 83.41 448 134.9 448 192c0 17.69 14.33 32 32 32S512 209.7 512 192C512 110.3 467.2 36.19 397.8 3.125z\"><\/path><\/svg><\/div><div class=\"uagb-ifb-title-wrap\"><h3 class=\"uagb-ifb-title\">Atenci\u00f3n al cliente<\/h3><\/div><p class=\"uagb-ifb-desc\">Nos enfocamos en la satisfacci\u00f3n del usuario, ofreciendo respuestas r\u00e1pidas y atenci\u00f3n personalizada a cada cliente.<br><br><\/p><\/div><\/div>\n<\/div>\n\n\n\n<div class=\"wp-block-column is-layout-flow wp-block-column-is-layout-flow\">\n<div class=\"wp-block-uagb-info-box uagb-block-2352d50c uagb-infobox__content-wrap  uagb-infobox-icon-above-title uagb-infobox-image-valign-top\"><div class=\"uagb-ifb-content\"><div class=\"uagb-ifb-icon-wrap\"><svg xmlns=\"https:\/\/www.w3.org\/2000\/svg\" viewBox=\"0 0 576 512\"><path d=\"M352 176C369.7 176 384 190.3 384 208C384 225.7 369.7 240 352 240H320V448H368C421 448 464 405 464 352V345.9L456.1 352.1C447.6 362.3 432.4 362.3 423 352.1C413.7 343.6 413.7 328.4 423 319L479 263C488.4 253.7 503.6 253.7 512.1 263L568.1 319C578.3 328.4 578.3 343.6 568.1 352.1C559.6 362.3 544.4 362.3 535 352.1L528 345.9V352C528 440.4 456.4 512 368 512H208C119.6 512 48 440.4 48 352V345.9L40.97 352.1C31.6 362.3 16.4 362.3 7.029 352.1C-2.343 343.6-2.343 328.4 7.029 319L63.03 263C72.4 253.7 87.6 253.7 96.97 263L152.1 319C162.3 328.4 162.3 343.6 152.1 352.1C143.6 362.3 128.4 362.3 119 352.1L112 345.9V352C112 405 154.1 448 208 448H256V240H224C206.3 240 192 225.7 192 208C192 190.3 206.3 176 224 176H234.9C209 158.8 192 129.4 192 96C192 42.98 234.1 0 288 0C341 0 384 42.98 384 96C384 129.4 366.1 158.8 341.1 176H352zM288 128C305.7 128 320 113.7 320 96C320 78.33 305.7 64 288 64C270.3 64 256 78.33 256 96C256 113.7 270.3 128 288 128z\"><\/path><\/svg><\/div><div class=\"uagb-ifb-title-wrap\"><h3 class=\"uagb-ifb-title\">Compromiso<\/h3><\/div><p class=\"uagb-ifb-desc\">Queremos ser un socio confiable, desde la ingenier\u00eda hasta el mantenimiento. Adem\u00e1s, nos esforzaremos por construir un futuro sostenible para nuestros clientes.<\/p><\/div><\/div>\n<\/div>\n<\/div>\n<\/div>\n<\/div>\n<\/div><\/div>\n\n\n\n<div class=\"wp-block-uagb-separator uagb-block-d93b8107 wp-block-uagb-separator--icon\"><div class=\"wp-block-uagb-separator__inner\" style=\"--my-background-image:\"><div class=\"wp-block-uagb-separator-element\"><svg xmlns=\"https:\/\/www.w3.org\/2000\/svg\" viewBox=\"0 0 512 512\"><path d=\"M0 256C0 114.6 114.6 0 256 0C397.4 0 512 114.6 512 256C512 397.4 397.4 512 256 512C114.6 512 0 397.4 0 256zM371.8 211.8C382.7 200.9 382.7 183.1 371.8 172.2C360.9 161.3 343.1 161.3 332.2 172.2L224 280.4L179.8 236.2C168.9 225.3 151.1 225.3 140.2 236.2C129.3 247.1 129.3 264.9 140.2 275.8L204.2 339.8C215.1 350.7 232.9 350.7 243.8 339.8L371.8 211.8z\"><\/path><\/svg><\/div><\/div><\/div>\n","protected":false},"excerpt":{"rendered":"<p>Calidad y atenci\u00f3n personalizada que nos diferencia<\/p>\n","protected":false},"author":1,"featured_media":0,"parent":0,"menu_order":0,"comment_status":"closed","ping_status":"closed","template":"","meta":{"_crdt_document":"","_uag_custom_page_level_css":"","_monsterinsights_skip_tracking":false,"_monsterinsights_sitenote_active":false,"_monsterinsights_sitenote_note":"","_monsterinsights_sitenote_category":0,"site-sidebar-layout":"default","site-content-layout":"","ast-site-content-layout":"default","site-content-style":"default","site-sidebar-style":"default","ast-global-header-display":"","ast-banner-title-visibility":"","ast-main-header-display":"","ast-hfb-above-header-display":"","ast-hfb-below-header-display":"","ast-hfb-mobile-header-display":"","site-post-title":"disabled","ast-breadcrumbs-content":"","ast-featured-img":"","footer-sml-layout":"","ast-disable-related-posts":"","theme-transparent-header-meta":"","adv-header-id-meta":"","stick-header-meta":"","header-above-stick-meta":"","header-main-stick-meta":"","header-below-stick-meta":"","astra-migrate-meta-layouts":"set","ast-page-background-enabled":"default","ast-page-background-meta":{"desktop":{"background-color":"var(--ast-global-color-4)","background-image":"","background-repeat":"repeat","background-position":"center center","background-size":"auto","background-attachment":"scroll","background-type":"","background-media":"","overlay-type":"","overlay-color":"","overlay-opacity":"","overlay-gradient":""},"tablet":{"background-color":"","background-image":"","background-repeat":"repeat","background-position":"center center","background-size":"auto","background-attachment":"scroll","background-type":"","background-media":"","overlay-type":"","overlay-color":"","overlay-opacity":"","overlay-gradient":""},"mobile":{"background-color":"","background-image":"","background-repeat":"repeat","background-position":"center center","background-size":"auto","background-attachment":"scroll","background-type":"","background-media":"","overlay-type":"","overlay-color":"","overlay-opacity":"","overlay-gradient":""}},"ast-content-background-meta":{"desktop":{"background-color":"var(--ast-global-color-5)","background-image":"","background-repeat":"repeat","background-position":"center center","background-size":"auto","background-attachment":"scroll","background-type":"","background-media":"","overlay-type":"","overlay-color":"","overlay-opacity":"","overlay-gradient":""},"tablet":{"background-color":"var(--ast-global-color-5)","background-image":"","background-repeat":"repeat","background-position":"center center","background-size":"auto","background-attachment":"scroll","background-type":"","background-media":"","overlay-type":"","overlay-color":"","overlay-opacity":"","overlay-gradient":""},"mobile":{"background-color":"var(--ast-global-color-5)","background-image":"","background-repeat":"repeat","background-position":"center center","background-size":"auto","background-attachment":"scroll","background-type":"","background-media":"","overlay-type":"","overlay-color":"","overlay-opacity":"","overlay-gradient":""}},"footnotes":""},"class_list":["post-3472","page","type-page","status-publish","hentry"],"uagb_featured_image_src":{"full":false,"thumbnail":false,"medium":false,"medium_large":false,"large":false,"1536x1536":false,"2048x2048":false},"uagb_author_info":{"display_name":"nicolas","author_link":"https:\/\/poltecnica.com.ar\/inicio\/author\/nicolas\/"},"uagb_comment_info":0,"uagb_excerpt":"Calidad y atenci\u00f3n personalizada que nos diferencia","_links":{"self":[{"href":"https:\/\/poltecnica.com.ar\/inicio\/wp-json\/wp\/v2\/pages\/3472","targetHints":{"allow":["GET"]}}],"collection":[{"href":"https:\/\/poltecnica.com.ar\/inicio\/wp-json\/wp\/v2\/pages"}],"about":[{"href":"https:\/\/poltecnica.com.ar\/inicio\/wp-json\/wp\/v2\/types\/page"}],"author":[{"embeddable":true,"href":"https:\/\/poltecnica.com.ar\/inicio\/wp-json\/wp\/v2\/users\/1"}],"replies":[{"embeddable":true,"href":"https:\/\/poltecnica.com.ar\/inicio\/wp-json\/wp\/v2\/comments?post=3472"}],"version-history":[{"count":49,"href":"https:\/\/poltecnica.com.ar\/inicio\/wp-json\/wp\/v2\/pages\/3472\/revisions"}],"predecessor-version":[{"id":3566,"href":"https:\/\/poltecnica.com.ar\/inicio\/wp-json\/wp\/v2\/pages\/3472\/revisions\/3566"}],"wp:attachment":[{"href":"https:\/\/poltecnica.com.ar\/inicio\/wp-json\/wp\/v2\/media?parent=3472"}],"curies":[{"name":"wp","href":"https:\/\/api.w.org\/{rel}","templated":true}]}}