{"id":3248,"date":"2025-05-14T11:41:59","date_gmt":"2025-05-14T14:41:59","guid":{"rendered":"https:\/\/poltecnica.com.ar\/inicio\/about-us\/"},"modified":"2025-11-11T16:10:37","modified_gmt":"2025-11-11T19:10:37","slug":"nosotros","status":"publish","type":"page","link":"https:\/\/poltecnica.com.ar\/inicio\/nosotros\/","title":{"rendered":"Nosotros"},"content":{"rendered":"\n<div class=\"wp-block-uagb-container uagb-block-4c3875af alignfull uagb-is-root-container\"><div class=\"uagb-container-inner-blocks-wrap\">\n<div class=\"wp-block-uagb-advanced-heading uagb-block-36237826\"><h1 class=\"uagb-heading-text\">Nuestra Empresa<\/h1><\/div>\n<\/div><\/div>\n\n\n\n<div class=\"wp-block-uagb-container uagb-block-5cf03063 alignfull uagb-is-root-container\"><div class=\"uagb-container-inner-blocks-wrap\">\n<div class=\"wp-block-uagb-image alignleft uagb-block-6d75d68d wp-block-uagb-image--layout-default wp-block-uagb-image--effect-static wp-block-uagb-image--align-left\"><figure class=\"wp-block-uagb-image__figure\"><img decoding=\"async\" srcset=\"https:\/\/poltecnica.com.ar\/inicio\/wp-content\/uploads\/2025\/05\/pexels-photo-2251247.webp , https:\/\/poltecnica.com.ar\/inicio\/wp-content\/uploads\/2025\/05\/pexels-photo-2251247.webp 360w\" sizes=\"auto, (max-width: 480px) 150px\" src=\"https:\/\/poltecnica.com.ar\/inicio\/wp-content\/uploads\/2025\/05\/pexels-photo-2251247.webp\" alt=\"\" class=\"uag-image-3243\" width=\"575\" height=\"480\" title=\"\" loading=\"lazy\" role=\"img\"\/><\/figure><\/div>\n\n\n\n<div class=\"wp-block-uagb-container uagb-block-05150e62\">\n<div class=\"wp-block-uagb-advanced-heading uagb-block-b0bb1952\"><div class=\"uagb-heading-text\">Sobre nosotros<\/div><\/div>\n\n\n\n<div class=\"wp-block-uagb-advanced-heading uagb-block-a2b3848d\"><h2 class=\"uagb-heading-text\">Poltecnica SRL.<\/h2><p class=\"uagb-desc-text\">Nuestra empresa se dedica a brindar servicios en el rubro de la termo mec\u00e1nica, destac\u00e1ndose por su equipo de t\u00e9cnicos calificados y su compromiso con la satisfacci\u00f3n al cliente a trav\u00e9s de soluciones eficientes.<br><br>Fundada para ofrecer un servicio de calidad en climatizaci\u00f3n, Poltecnica. SRL comenz\u00f3 con un peque\u00f1o equipo de expertos apasionados por la refrigeraci\u00f3n y el confort del hogar. A trav\u00e9s de los a\u00f1os y constante capacitaci\u00f3n migramos a proyectos y clientes de grandes envergaduras. afianz\u00e1ndonos en el \u00e1rea comercial e industrial dentro de nuestro pa\u00eds.<\/p><\/div>\n\n\n\n<p class=\"wp-block-paragraph\"><\/p>\n<\/div>\n<\/div><\/div>\n\n\n\n<div class=\"wp-block-uagb-container uagb-block-edae5b83 alignfull uagb-is-root-container\"><div class=\"uagb-container-inner-blocks-wrap\">\n<div class=\"wp-block-uagb-advanced-heading uagb-block-64726181\"><div class=\"uagb-heading-text\">Nuestros Valores<\/div><\/div>\n\n\n\n<div class=\"wp-block-uagb-advanced-heading uagb-block-92588f0c\"><h2 class=\"uagb-heading-text\">Principios fundamentales que gu\u00edan nuestro trabajo y servicio.<\/h2><\/div>\n\n\n\n<div class=\"wp-block-uagb-image aligncenter uagb-block-37f6c2f8 wp-block-uagb-image--layout-default wp-block-uagb-image--effect-static wp-block-uagb-image--align-center\"><figure class=\"wp-block-uagb-image__figure\"><img decoding=\"async\" srcset=\"https:\/\/poltecnica.com.ar\/inicio\/wp-content\/uploads\/2025\/11\/D01_global-multivwateriv-hero-1-d-1024x384.avif ,https:\/\/poltecnica.com.ar\/inicio\/wp-content\/uploads\/2025\/11\/D01_global-multivwateriv-hero-1-d.avif 780w, https:\/\/poltecnica.com.ar\/inicio\/wp-content\/uploads\/2025\/11\/D01_global-multivwateriv-hero-1-d.avif 360w\" sizes=\"auto, (max-width: 480px) 150px\" src=\"https:\/\/poltecnica.com.ar\/inicio\/wp-content\/uploads\/2025\/11\/D01_global-multivwateriv-hero-1-d-1024x384.avif\" alt=\"\" class=\"uag-image-3532\" width=\"1024\" height=\"682\" title=\"lg multi v poltecnica\" loading=\"lazy\" role=\"img\"\/><\/figure><\/div>\n\n\n\n<div class=\"wp-block-uagb-container uagb-block-0f0fe2b0\">\n<div class=\"wp-block-uagb-advanced-heading uagb-block-a7766e3a\"><h3 class=\"uagb-heading-text\">Compromiso<\/h3><p class=\"uagb-desc-text\">Nos comprometemos a ofrecer un servicio de calidad que garantice la satisfacci\u00f3n de nuestros clientes en cada intervenci\u00f3n.<\/p><\/div>\n\n\n\n<div class=\"wp-block-uagb-advanced-heading uagb-block-b78816fa\"><h3 class=\"uagb-heading-text\">Eficiencia<\/h3><p class=\"uagb-desc-text\">Buscamos soluciones r\u00e1pidas y efectivas que optimicen el funcionamiento de sus sistemas de climatizaci\u00f3n.<\/p><\/div>\n\n\n\n<div class=\"wp-block-uagb-advanced-heading uagb-block-a5c64964\"><h3 class=\"uagb-heading-text\">Atenci\u00f3n Personalizada<\/h3><p class=\"uagb-desc-text\">Valoramos la comunicaci\u00f3n directa y cercana con nuestro cliente para entender sus necesidades y ofrecer soluciones a medida.<\/p><\/div>\n<\/div>\n<\/div><\/div>\n\n\n\n<div class=\"wp-block-uagb-container uagb-block-9caa1a47 alignfull uagb-is-root-container\"><div class=\"uagb-container-inner-blocks-wrap\">\n<div class=\"wp-block-uagb-advanced-heading uagb-block-1ed0e64e\"><div class=\"uagb-heading-text\">iNFORMES Y CONSULTAS<\/div><\/div>\n\n\n\n<div class=\"wp-block-uagb-advanced-heading uagb-block-3a57683f\"><h2 class=\"uagb-heading-text\">Cont\u00e1ctenos para Asesorarlo.<\/h2><\/div>\n\n\n\n<div class=\"wp-block-uagb-buttons uagb-buttons__outer-wrap uagb-btn__default-btn uagb-btn-tablet__default-btn uagb-btn-mobile__default-btn uagb-block-9979be0d\"><div class=\"uagb-buttons__wrap uagb-buttons-layout-wrap \">\n<div data-aos= \"zoom-out\" data-aos-duration=\"400\" data-aos-delay=\"0\" data-aos-easing=\"ease\" data-aos-once=\"true\" class=\"wp-block-uagb-buttons-child uagb-buttons__outer-wrap uagb-block-84fd34e5 wp-block-button\"><div class=\"uagb-button__wrapper\"><a class=\"uagb-buttons-repeater wp-block-button__link\" aria-label=\"\" href=\"contact\/\" rel=\"follow noopener\" target=\"_self\" role=\"button\"><div class=\"uagb-button__link\">Solicitar presupuesto<\/div><span class=\"uagb-button__icon uagb-button__icon-position-after\"><svg xmlns=\"https:\/\/www.w3.org\/2000\/svg\" viewBox=\"0 0 512 512\" aria-hidden=\"true\" focussable=\"false\"><path d=\"M464 64C490.5 64 512 85.49 512 112C512 127.1 504.9 141.3 492.8 150.4L275.2 313.6C263.8 322.1 248.2 322.1 236.8 313.6L19.2 150.4C7.113 141.3 0 127.1 0 112C0 85.49 21.49 64 48 64H464zM217.6 339.2C240.4 356.3 271.6 356.3 294.4 339.2L512 176V384C512 419.3 483.3 448 448 448H64C28.65 448 0 419.3 0 384V176L217.6 339.2z\"><\/path><\/svg><\/span><\/a><\/div><\/div>\n<\/div><\/div>\n\n\n\n<div class=\"wp-block-uagb-advanced-heading uagb-block-838a0a13\"><div class=\"uagb-separator\"><\/div><h3 class=\"uagb-heading-text\">Oficina Comercial (011) 3750-8213<\/h3><\/div>\n<\/div><\/div>\n","protected":false},"excerpt":{"rendered":"<p>Nuestra Empresa Sobre nosotros Poltecnica SRL. Nuestra empresa se dedica a brindar servicios en el rubro de la termo mec\u00e1nica, [&hellip;]<\/p>\n","protected":false},"author":1,"featured_media":0,"parent":0,"menu_order":0,"comment_status":"closed","ping_status":"closed","template":"","meta":{"_crdt_document":"","_uag_custom_page_level_css":"","_monsterinsights_skip_tracking":false,"_monsterinsights_sitenote_active":false,"_monsterinsights_sitenote_note":"","_monsterinsights_sitenote_category":0,"site-sidebar-layout":"no-sidebar","site-content-layout":"plain-container","ast-site-content-layout":"full-width-container","site-content-style":"unboxed","site-sidebar-style":"unboxed","ast-global-header-display":"","ast-banner-title-visibility":"","ast-main-header-display":"","ast-hfb-above-header-display":"","ast-hfb-below-header-display":"","ast-hfb-mobile-header-display":"","site-post-title":"disabled","ast-breadcrumbs-content":"","ast-featured-img":"","footer-sml-layout":"","ast-disable-related-posts":"","theme-transparent-header-meta":"","adv-header-id-meta":"","stick-header-meta":"","header-above-stick-meta":"","header-main-stick-meta":"","header-below-stick-meta":"","astra-migrate-meta-layouts":"set","ast-page-background-enabled":"default","ast-page-background-meta":{"desktop":{"background-color":"var(--ast-global-color-4)","background-image":"","background-repeat":"repeat","background-position":"center center","background-size":"auto","background-attachment":"scroll","background-type":"","background-media":"","overlay-type":"","overlay-color":"","overlay-opacity":"","overlay-gradient":""},"tablet":{"background-color":"","background-image":"","background-repeat":"repeat","background-position":"center center","background-size":"auto","background-attachment":"scroll","background-type":"","background-media":"","overlay-type":"","overlay-color":"","overlay-opacity":"","overlay-gradient":""},"mobile":{"background-color":"","background-image":"","background-repeat":"repeat","background-position":"center center","background-size":"auto","background-attachment":"scroll","background-type":"","background-media":"","overlay-type":"","overlay-color":"","overlay-opacity":"","overlay-gradient":""}},"ast-content-background-meta":{"desktop":{"background-color":"var(--ast-global-color-5)","background-image":"","background-repeat":"repeat","background-position":"center center","background-size":"auto","background-attachment":"scroll","background-type":"","background-media":"","overlay-type":"","overlay-color":"","overlay-opacity":"","overlay-gradient":""},"tablet":{"background-color":"var(--ast-global-color-5)","background-image":"","background-repeat":"repeat","background-position":"center center","background-size":"auto","background-attachment":"scroll","background-type":"","background-media":"","overlay-type":"","overlay-color":"","overlay-opacity":"","overlay-gradient":""},"mobile":{"background-color":"var(--ast-global-color-5)","background-image":"","background-repeat":"repeat","background-position":"center center","background-size":"auto","background-attachment":"scroll","background-type":"","background-media":"","overlay-type":"","overlay-color":"","overlay-opacity":"","overlay-gradient":""}},"footnotes":""},"class_list":["post-3248","page","type-page","status-publish","hentry"],"uagb_featured_image_src":{"full":false,"thumbnail":false,"medium":false,"medium_large":false,"large":false,"1536x1536":false,"2048x2048":false},"uagb_author_info":{"display_name":"nicolas","author_link":"https:\/\/poltecnica.com.ar\/inicio\/author\/nicolas\/"},"uagb_comment_info":0,"uagb_excerpt":"Nuestra Empresa Sobre nosotros Poltecnica SRL. Nuestra empresa se dedica a brindar servicios en el rubro de la termo mec\u00e1nica, [&hellip;]","_links":{"self":[{"href":"https:\/\/poltecnica.com.ar\/inicio\/wp-json\/wp\/v2\/pages\/3248","targetHints":{"allow":["GET"]}}],"collection":[{"href":"https:\/\/poltecnica.com.ar\/inicio\/wp-json\/wp\/v2\/pages"}],"about":[{"href":"https:\/\/poltecnica.com.ar\/inicio\/wp-json\/wp\/v2\/types\/page"}],"author":[{"embeddable":true,"href":"https:\/\/poltecnica.com.ar\/inicio\/wp-json\/wp\/v2\/users\/1"}],"replies":[{"embeddable":true,"href":"https:\/\/poltecnica.com.ar\/inicio\/wp-json\/wp\/v2\/comments?post=3248"}],"version-history":[{"count":12,"href":"https:\/\/poltecnica.com.ar\/inicio\/wp-json\/wp\/v2\/pages\/3248\/revisions"}],"predecessor-version":[{"id":3536,"href":"https:\/\/poltecnica.com.ar\/inicio\/wp-json\/wp\/v2\/pages\/3248\/revisions\/3536"}],"wp:attachment":[{"href":"https:\/\/poltecnica.com.ar\/inicio\/wp-json\/wp\/v2\/media?parent=3248"}],"curies":[{"name":"wp","href":"https:\/\/api.w.org\/{rel}","templated":true}]}}