{"id":2866,"date":"2023-07-26T22:22:15","date_gmt":"2023-07-27T01:22:15","guid":{"rendered":"https:\/\/poltecnica.com.ar\/inicio\/?page_id=2866"},"modified":"2025-06-19T09:05:04","modified_gmt":"2025-06-19T12:05:04","slug":"sistemas-vrv-vrf","status":"publish","type":"page","link":"https:\/\/poltecnica.com.ar\/inicio\/sistemas-vrv-vrf\/","title":{"rendered":"Sistemas VRV-VRF"},"content":{"rendered":"\n<p class=\"wp-block-paragraph\"><\/p>\n\n\n\n<div class=\"wp-block-uagb-container uagb-block-eeec47d5 alignfull uagb-is-root-container\"><div class=\"uagb-container-inner-blocks-wrap\">\n<h1 class=\"wp-block-heading\" id=\"Sistemas-vrv-vrf\">SISTEMAS VRV-VRF<\/h1>\n\n\n\n<h5 class=\"wp-block-heading has-text-align-center\">LA ULTIMA TECNOLOGIA EN AIRE ACONDICIONADO Y CALEFACCION COMERCIAL E INDUSTRIAL<\/h5>\n\n\n\n<p class=\"wp-block-paragraph\"><\/p>\n<\/div><\/div>\n\n\n\n<p class=\"wp-block-paragraph\"><\/p>\n\n\n\n<div class=\"wp-block-uagb-container uagb-block-8ea95a78 alignfull uagb-is-root-container\"><div class=\"uagb-container-inner-blocks-wrap\">\n<div class=\"wp-block-uagb-container uagb-block-752c6894\">\n<div class=\"wp-block-uagb-container uagb-block-cc9dad88\">\n<div class=\"wp-block-uagb-container uagb-block-d3232cf5\">\n<div class=\"wp-block-uagb-container uagb-block-87e95f15\">\n<div class=\"wp-block-uagb-image aligncenter uagb-block-0dc04513 wp-block-uagb-image--layout-default wp-block-uagb-image--effect-static wp-block-uagb-image--align-center\"><figure class=\"wp-block-uagb-image__figure\"><img decoding=\"async\" srcset=\"https:\/\/poltecnica.com.ar\/inicio\/wp-content\/uploads\/2023\/07\/sistema-vrf-vrv-en-lima-peru-airson-ingenieros.webp \" sizes=\"(max-width: 480px) 150px\" src=\"https:\/\/poltecnica.com.ar\/inicio\/wp-content\/uploads\/2023\/07\/sistema-vrf-vrv-en-lima-peru-airson-ingenieros.webp\" alt=\"\" class=\"uag-image-2867\" title=\"\" loading=\"lazy\"\/><\/figure><\/div>\n<\/div>\n<\/div>\n<\/div>\n<\/div>\n<\/div><\/div>\n\n\n\n<div class=\"wp-block-uagb-separator uagb-block-47ea1746\"><div class=\"wp-block-uagb-separator__inner\" style=\"--my-background-image:\"><\/div><\/div>\n\n\n\n<h5 class=\"wp-block-heading has-text-align-center\" id=\"sistemas-vrv\">Un sistema en Flujo de refrigerante variable (VRF) o Volumen de Refrigerante Variable (VRV) son la soluci\u00f3n de aire acondicionado que tiene 3 caracter\u00edsticas importantes que lo hacen diferente a un sistema convencional<\/h5>\n\n\n\n<p class=\"has-ast-global-color-4-background-color has-background wp-block-paragraph\">Tienen la capacidad de controlar la cantidad de refrigerante que fluye a trav\u00e9s del sistema.Cada unidad interior recibe \u00fanicamente la cantidad de refrigerante necesario para acondicionar el espacio u \u00e1rea al cual est\u00e1 sirviendo. A trav\u00e9s de la tecnolog\u00eda Inverter el motor del compresor var\u00eda su velocidad, incrementando o disminuyendo la capacidad requerida del sistema.Garantiza altos niveles de eficiencia, flexibilidad de funcionamiento y unas menores necesidades de mantenimiento.Se puede adaptar una amplia gama de UNIDADES INTERIORES, por ello hace que el sistema VRF se la elecci\u00f3n m\u00e1s flexible para satisfacer todo tipo de necesidades (Fan Coil, Pared, Cassette, Piso Techo, etc.) para aire acondicionado y calefacci\u00f3n.<\/p>\n\n\n\n<p class=\"has-ast-global-color-8-background-color has-background wp-block-paragraph\">La tecnolog\u00eda Inverter que acompa\u00f1a a este sistema, permite alcanzar la temperatura deseada en poco tiempo y a su vez mantenerla dentro de un rango m\u00ednimo de variaci\u00f3n, por ello VRF\/VRV es eficienciente. Bajo Consumo de energ\u00eda (usa solo la energ\u00eda necesaria). Baja corriente de arranque.Inmejorable confort a una excelente calidad \u2013 precio.Confiabilidad: Al ser modular permite alternar el uso de sus compresores, extendiendo su vida \u00fatil.Disponibilidad sustitutiva cuando alg\u00fan compresor se da\u00f1a.Mayor Confort: Su tecnolog\u00eda Inverter permite alcanzar la temperatura deseada en poco tiempo.Satisface los requerimientos de enfriamiento y calefacci\u00f3n en un amplio rango de condiciones exteriores.Control inteligente, con mas de 300 sensores regula el flujo optimo de refrigerante a cada unidad evaporadora, obteniendo mas ahorro de energ\u00eda.Se pueden leer y escribir datos en la unidad exterior por Wi-Fi.<\/p>\n","protected":false},"excerpt":{"rendered":"<p>SISTEMAS VRV-VRF LA ULTIMA TECNOLOGIA EN AIRE ACONDICIONADO Y CALEFACCION COMERCIAL E INDUSTRIAL Un sistema en Flujo de refrigerante variable [&hellip;]<\/p>\n","protected":false},"author":1,"featured_media":0,"parent":0,"menu_order":0,"comment_status":"closed","ping_status":"closed","template":"","meta":{"_crdt_document":"","_uag_custom_page_level_css":"","_monsterinsights_skip_tracking":false,"_monsterinsights_sitenote_active":false,"_monsterinsights_sitenote_note":"","_monsterinsights_sitenote_category":0,"site-sidebar-layout":"default","site-content-layout":"","ast-site-content-layout":"default","site-content-style":"default","site-sidebar-style":"default","ast-global-header-display":"","ast-banner-title-visibility":"","ast-main-header-display":"","ast-hfb-above-header-display":"","ast-hfb-below-header-display":"","ast-hfb-mobile-header-display":"","site-post-title":"disabled","ast-breadcrumbs-content":"","ast-featured-img":"","footer-sml-layout":"","ast-disable-related-posts":"","theme-transparent-header-meta":"","adv-header-id-meta":"","stick-header-meta":"","header-above-stick-meta":"","header-main-stick-meta":"","header-below-stick-meta":"","astra-migrate-meta-layouts":"default","ast-page-background-enabled":"default","ast-page-background-meta":{"desktop":{"background-color":"var(--ast-global-color-4)","background-image":"","background-repeat":"repeat","background-position":"center center","background-size":"auto","background-attachment":"scroll","background-type":"","background-media":"","overlay-type":"","overlay-color":"","overlay-opacity":"","overlay-gradient":""},"tablet":{"background-color":"","background-image":"","background-repeat":"repeat","background-position":"center center","background-size":"auto","background-attachment":"scroll","background-type":"","background-media":"","overlay-type":"","overlay-color":"","overlay-opacity":"","overlay-gradient":""},"mobile":{"background-color":"","background-image":"","background-repeat":"repeat","background-position":"center center","background-size":"auto","background-attachment":"scroll","background-type":"","background-media":"","overlay-type":"","overlay-color":"","overlay-opacity":"","overlay-gradient":""}},"ast-content-background-meta":{"desktop":{"background-color":"var(--ast-global-color-5)","background-image":"","background-repeat":"repeat","background-position":"center center","background-size":"auto","background-attachment":"scroll","background-type":"","background-media":"","overlay-type":"","overlay-color":"","overlay-opacity":"","overlay-gradient":""},"tablet":{"background-color":"var(--ast-global-color-5)","background-image":"","background-repeat":"repeat","background-position":"center center","background-size":"auto","background-attachment":"scroll","background-type":"","background-media":"","overlay-type":"","overlay-color":"","overlay-opacity":"","overlay-gradient":""},"mobile":{"background-color":"var(--ast-global-color-5)","background-image":"","background-repeat":"repeat","background-position":"center center","background-size":"auto","background-attachment":"scroll","background-type":"","background-media":"","overlay-type":"","overlay-color":"","overlay-opacity":"","overlay-gradient":""}},"footnotes":""},"class_list":["post-2866","page","type-page","status-publish","hentry"],"uagb_featured_image_src":{"full":false,"thumbnail":false,"medium":false,"medium_large":false,"large":false,"1536x1536":false,"2048x2048":false},"uagb_author_info":{"display_name":"nicolas","author_link":"https:\/\/poltecnica.com.ar\/inicio\/author\/nicolas\/"},"uagb_comment_info":0,"uagb_excerpt":"SISTEMAS VRV-VRF LA ULTIMA TECNOLOGIA EN AIRE ACONDICIONADO Y CALEFACCION COMERCIAL E INDUSTRIAL Un sistema en Flujo de refrigerante variable [&hellip;]","_links":{"self":[{"href":"https:\/\/poltecnica.com.ar\/inicio\/wp-json\/wp\/v2\/pages\/2866","targetHints":{"allow":["GET"]}}],"collection":[{"href":"https:\/\/poltecnica.com.ar\/inicio\/wp-json\/wp\/v2\/pages"}],"about":[{"href":"https:\/\/poltecnica.com.ar\/inicio\/wp-json\/wp\/v2\/types\/page"}],"author":[{"embeddable":true,"href":"https:\/\/poltecnica.com.ar\/inicio\/wp-json\/wp\/v2\/users\/1"}],"replies":[{"embeddable":true,"href":"https:\/\/poltecnica.com.ar\/inicio\/wp-json\/wp\/v2\/comments?post=2866"}],"version-history":[{"count":14,"href":"https:\/\/poltecnica.com.ar\/inicio\/wp-json\/wp\/v2\/pages\/2866\/revisions"}],"predecessor-version":[{"id":3378,"href":"https:\/\/poltecnica.com.ar\/inicio\/wp-json\/wp\/v2\/pages\/2866\/revisions\/3378"}],"wp:attachment":[{"href":"https:\/\/poltecnica.com.ar\/inicio\/wp-json\/wp\/v2\/media?parent=2866"}],"curies":[{"name":"wp","href":"https:\/\/api.w.org\/{rel}","templated":true}]}}